{"id":1039,"date":"2021-10-25T09:48:32","date_gmt":"2021-10-25T08:48:32","guid":{"rendered":"http:\/\/itav.uclm.es\/itav\/?page_id=1039"},"modified":"2021-10-25T21:50:07","modified_gmt":"2021-10-25T20:50:07","slug":"grupo-de-investigacion-en-sociologia-de-la-comunicacion","status":"publish","type":"page","link":"https:\/\/itav.uclm.es\/itav\/?page_id=1039","title":{"rendered":"GRUPO DE INVESTIGACI\u00d3N EN SOCIOLOG\u00cdA DE LA COMUNICACI\u00d3N (MEDIACOM)"},"content":{"rendered":"\n<p><\/p>\n\n\n\n<p><a rel=\"noreferrer noopener\" href=\"https:\/\/www.uclm.es\/Home\/Misiones\/Investigacion\/OfertaCientificoTecnica\/GruposInvestigacion\/DetalleGrupo?idgrupo=261\" target=\"_blank\">Web UCLM oficial grupo<\/a><\/p>\n\n\n\n<p><a rel=\"noreferrer noopener\" href=\"https:\/\/blog.uclm.es\/mediacom\/\" target=\"_blank\">Web de MEDIACOM<\/a><\/p>\n\n\n\n<p><\/p>\n","protected":false},"excerpt":{"rendered":"<p>Web UCLM oficial grupo Web de MEDIACOM<\/p>\n","protected":false},"author":2,"featured_media":0,"parent":7,"menu_order":0,"comment_status":"closed","ping_status":"closed","template":"","meta":[],"_links":{"self":[{"href":"https:\/\/itav.uclm.es\/itav\/index.php?rest_route=\/wp\/v2\/pages\/1039"}],"collection":[{"href":"https:\/\/itav.uclm.es\/itav\/index.php?rest_route=\/wp\/v2\/pages"}],"about":[{"href":"https:\/\/itav.uclm.es\/itav\/index.php?rest_route=\/wp\/v2\/types\/page"}],"author":[{"embeddable":true,"href":"https:\/\/itav.uclm.es\/itav\/index.php?rest_route=\/wp\/v2\/users\/2"}],"replies":[{"embeddable":true,"href":"https:\/\/itav.uclm.es\/itav\/index.php?rest_route=%2Fwp%2Fv2%2Fcomments&post=1039"}],"version-history":[{"count":3,"href":"https:\/\/itav.uclm.es\/itav\/index.php?rest_route=\/wp\/v2\/pages\/1039\/revisions"}],"predecessor-version":[{"id":1114,"href":"https:\/\/itav.uclm.es\/itav\/index.php?rest_route=\/wp\/v2\/pages\/1039\/revisions\/1114"}],"up":[{"embeddable":true,"href":"https:\/\/itav.uclm.es\/itav\/index.php?rest_route=\/wp\/v2\/pages\/7"}],"wp:attachment":[{"href":"https:\/\/itav.uclm.es\/itav\/index.php?rest_route=%2Fwp%2Fv2%2Fmedia&parent=1039"}],"curies":[{"name":"wp","href":"https:\/\/api.w.org\/{rel}","templated":true}]}}