{"id":1068,"date":"2021-10-25T12:04:35","date_gmt":"2021-10-25T11:04:35","guid":{"rendered":"http:\/\/itav.uclm.es\/itav\/?page_id=1068"},"modified":"2021-10-25T21:50:52","modified_gmt":"2021-10-25T20:50:52","slug":"grupo-de-investigacion-comunicacion-publica-poder-derecho-y-mensaje-compublic","status":"publish","type":"page","link":"https:\/\/itav.uclm.es\/itav\/?page_id=1068","title":{"rendered":"GRUPO DE INVESTIGACI\u00d3N COMUNICACI\u00d3N P\u00daBLICA: PODER, DERECHO Y MENSAJE (COMPUBLIC)"},"content":{"rendered":"\n<p><a href=\"https:\/\/www.uclm.es\/Home\/Misiones\/Investigacion\/OfertaCientificoTecnica\/GruposInvestigacion\/DetalleGrupo?idgrupo=319\" target=\"_blank\" rel=\"noreferrer noopener\">Web UCLM oficial grupo<\/a><\/p>\n\n\n\n<p><a rel=\"noreferrer noopener\" href=\"https:\/\/blog.uclm.es\/grupo-compublic\/\" target=\"_blank\">Web del grupo (COMPUBLIC)<\/a> <\/p>\n","protected":false},"excerpt":{"rendered":"<p>Web UCLM oficial grupo Web del grupo (COMPUBLIC)<\/p>\n","protected":false},"author":2,"featured_media":0,"parent":7,"menu_order":0,"comment_status":"closed","ping_status":"closed","template":"","meta":[],"_links":{"self":[{"href":"https:\/\/itav.uclm.es\/itav\/index.php?rest_route=\/wp\/v2\/pages\/1068"}],"collection":[{"href":"https:\/\/itav.uclm.es\/itav\/index.php?rest_route=\/wp\/v2\/pages"}],"about":[{"href":"https:\/\/itav.uclm.es\/itav\/index.php?rest_route=\/wp\/v2\/types\/page"}],"author":[{"embeddable":true,"href":"https:\/\/itav.uclm.es\/itav\/index.php?rest_route=\/wp\/v2\/users\/2"}],"replies":[{"embeddable":true,"href":"https:\/\/itav.uclm.es\/itav\/index.php?rest_route=%2Fwp%2Fv2%2Fcomments&post=1068"}],"version-history":[{"count":2,"href":"https:\/\/itav.uclm.es\/itav\/index.php?rest_route=\/wp\/v2\/pages\/1068\/revisions"}],"predecessor-version":[{"id":1115,"href":"https:\/\/itav.uclm.es\/itav\/index.php?rest_route=\/wp\/v2\/pages\/1068\/revisions\/1115"}],"up":[{"embeddable":true,"href":"https:\/\/itav.uclm.es\/itav\/index.php?rest_route=\/wp\/v2\/pages\/7"}],"wp:attachment":[{"href":"https:\/\/itav.uclm.es\/itav\/index.php?rest_route=%2Fwp%2Fv2%2Fmedia&parent=1068"}],"curies":[{"name":"wp","href":"https:\/\/api.w.org\/{rel}","templated":true}]}}