{"id":367,"date":"2015-01-16T08:45:55","date_gmt":"2015-01-16T08:45:55","guid":{"rendered":"http:\/\/161.67.146.35\/itav\/?page_id=367"},"modified":"2021-10-27T09:06:16","modified_gmt":"2021-10-27T08:06:16","slug":"instituto-de-tecnologias-audiovisuales-de-castilla-la-mancha-2","status":"publish","type":"page","link":"https:\/\/itav.uclm.es\/itav\/","title":{"rendered":"Inicio"},"content":{"rendered":"\n<p>El <strong><span class=\"has-inline-color has-vivid-red-color\">ITAV<\/span><\/strong> nace en el a\u00f1o 2000 como \u201cInstituto de estudios avanzados de la comunicaci\u00f3n audiovisual\u201d. En la actualidad lleva a cabo cursos y proyectos de I+D+i en el \u00e1mbito audiovisual, de la comunicaci\u00f3n, de la electr\u00f3nica y de las telecomunicaciones, a trav\u00e9s de convenios con instituciones y empresas, y de la concurrencia a proyectos de investigaci\u00f3n competitivos. <\/p>\n\n\n\n<p>Forman parte del ITAV los grupos de investigaci\u00f3n: Ingenier\u00eda Electr\u00f3nica, Biom\u00e9dica y de Telecomunicaci\u00f3n (<strong><a rel=\"noreferrer noopener\" href=\"http:\/\/itav.uclm.es\/elbit\/elbit\/\" target=\"_blank\">ELBIT<\/a><\/strong>), Sociolog\u00eda de la Comunicaci\u00f3n (<strong><a rel=\"noreferrer noopener\" href=\"https:\/\/blog.uclm.es\/mediacom\/\" target=\"_blank\">MEDIACOM<\/a><\/strong>) y Comunicaci\u00f3n P\u00fablica: Poder, Derecho y Mensaje (<strong><a rel=\"noreferrer noopener\" href=\"https:\/\/blog.uclm.es\/grupo-compublic\/\" target=\"_blank\">COMPUBLIC<\/a><\/strong>). <\/p>\n\n\n\n<p>El ITAV presta apoyo docente a los t\u00edtulos de Grado y Master de Telecomunicaciones, Comunicaci\u00f3n Audiovisual y Periodismo con sus instalaciones como el plat\u00f3 de televisi\u00f3n, estudio de radio y estudio de sonido.<\/p>\n\n\n\n<p><strong>Oferta tecnol\u00f3gica<\/strong>&#8211;<strong>L\u00edneas de investigaci\u00f3n<\/strong>: Ver WEB de los <a href=\"http:\/\/itav.uclm.es\/itav\/?page_id=7\" data-type=\"page\" data-id=\"7\">Grupos de Investigaci\u00f3n<\/a><\/p>\n\n\n<hr \/>\n<p><b>Realice<\/b><strong>&nbsp;sus proyectos en el ITAV:<\/strong><\/p>\n<table border=\"0\" width=\"100%\" cellspacing=\"0\" cellpadding=\"0\">\n<tbody>\n<tr>\n<td align=\"left\" valign=\"middle\" width=\"50%\">\n<ul>\n<li><strong>Tratamiento de se\u00f1ales biom\u00e9dicas<\/strong><\/li>\n<li><strong>Redes de sensores inal\u00e1mbricos (WSNs)<\/strong><\/li>\n<li><strong>Desarrollo y prototipado Hardware<\/strong><\/li>\n<li><strong>Identificaci\u00f3n por Radiofrecuencia (RFID)<\/strong><\/li>\n<li><strong>Desarrollo Web \/ Aplicaciones<\/strong><\/li>\n<li><strong>Proyectos de Internet of Things (IoT)<\/strong><\/li>\n<\/ul>\n<\/td>\n<td align=\"left\" valign=\"middle\" width=\"50%\">\n<ul>\n<li><strong>Proyectos formativos y de <\/strong><strong>Innovaci\u00f3n educativa<\/strong><\/li>\n<li><strong>Proyectos en el \u00e1mbito de la comunicaci\u00f3n<\/strong><\/li>\n<li><strong>Proyectos audiovisuales<\/strong><\/li>\n<li><strong>Estudio de grabaci\u00f3n de sonido<\/strong><\/li>\n<li><strong>Plat\u00f3 de televisi\u00f3n<\/strong><\/li>\n<li><strong>Estudio de radio<\/strong><\/li>\n<\/ul>\n<\/td>\n<\/tr>\n<tr>\n<td style=\"text-align: right;\" colspan=\"2\" align=\"center\" valign=\"middle\"><strong><a href=\"http:\/\/itav.uclm.es\/itav\/wp-content\/uploads\/2021\/10\/Tarifas_ITAV_v2-1.pdf\">Tarifas Estudios\/Plat\u00f3 del ITAV<\/a><\/strong><\/td>\n<\/tr>\n<\/tbody>\n<\/table>\n<p style=\"text-align: left;\">&nbsp;<div id=\"metaslider-id-357\" style=\"max-width: 640px; margin: 0 auto;\" class=\"ml-slider-3-20-3 metaslider metaslider-nivo metaslider-357 ml-slider\">\n    <div id=\"metaslider_container_357\">\n        <div class='slider-wrapper theme-default'><div class='ribbon'><\/div><div id='metaslider_357' class='nivoSlider'><img width=\"500\" height=\"373\" src=\"https:\/\/itav.uclm.es\/itav\/wp-content\/uploads\/2015\/01\/platoTV32.jpg\" class=\"slider-357 slide-364\" alt=\"Instituto de Tecnolog\u00edas Audiovisuales - Plat\u00f3 de TV 2\" loading=\"lazy\" data-caption=\"\" data-thumb=\"\" title=\"Instituto de Tecnolog\u00edas Audiovisuales - Plat\u00f3 de TV 2\" rel=\"\" srcset=\"https:\/\/itav.uclm.es\/itav\/wp-content\/uploads\/2015\/01\/platoTV32.jpg 500w, https:\/\/itav.uclm.es\/itav\/wp-content\/uploads\/2015\/01\/platoTV32-300x224.jpg 300w\" sizes=\"(max-width: 500px) 100vw, 500px\" \/><img width=\"500\" height=\"373\" src=\"https:\/\/itav.uclm.es\/itav\/wp-content\/uploads\/2015\/01\/platoTV62.jpg\" class=\"slider-357 slide-365\" alt=\"Instituto de Tecnolog\u00edas Audiovisuales - Plat\u00f3 de TV 3\" loading=\"lazy\" data-caption=\"\" data-thumb=\"\" title=\"Instituto de Tecnolog\u00edas Audiovisuales - Plat\u00f3 de TV 3\" rel=\"\" srcset=\"https:\/\/itav.uclm.es\/itav\/wp-content\/uploads\/2015\/01\/platoTV62.jpg 500w, https:\/\/itav.uclm.es\/itav\/wp-content\/uploads\/2015\/01\/platoTV62-300x224.jpg 300w\" sizes=\"(max-width: 500px) 100vw, 500px\" \/><img width=\"500\" height=\"373\" src=\"https:\/\/itav.uclm.es\/itav\/wp-content\/uploads\/2015\/01\/platoTV22.jpg\" class=\"slider-357 slide-363\" alt=\"Instituto de Tecnolog\u00edas Audiovisuales - Plat\u00f3 de TV\" loading=\"lazy\" data-caption=\"\" data-thumb=\"\" title=\"Instituto de Tecnolog\u00edas Audiovisuales - Plat\u00f3 de TV\" rel=\"\" srcset=\"https:\/\/itav.uclm.es\/itav\/wp-content\/uploads\/2015\/01\/platoTV22.jpg 500w, https:\/\/itav.uclm.es\/itav\/wp-content\/uploads\/2015\/01\/platoTV22-300x224.jpg 300w\" sizes=\"(max-width: 500px) 100vw, 500px\" \/><img width=\"500\" height=\"373\" src=\"https:\/\/itav.uclm.es\/itav\/wp-content\/uploads\/2015\/01\/estudioSonido42.jpg\" class=\"slider-357 slide-362\" alt=\"Instituto de Tecnolog\u00edas Audiovisuales - Estudio de Sonido 3\" loading=\"lazy\" data-caption=\"\" data-thumb=\"\" title=\"Instituto de Tecnolog\u00edas Audiovisuales - Estudio de Sonido 3\" rel=\"\" srcset=\"https:\/\/itav.uclm.es\/itav\/wp-content\/uploads\/2015\/01\/estudioSonido42.jpg 500w, https:\/\/itav.uclm.es\/itav\/wp-content\/uploads\/2015\/01\/estudioSonido42-300x224.jpg 300w\" sizes=\"(max-width: 500px) 100vw, 500px\" \/><img width=\"500\" height=\"375\" src=\"https:\/\/itav.uclm.es\/itav\/wp-content\/uploads\/2015\/01\/camara12.jpg\" class=\"slider-357 slide-358\" alt=\"Instituto de Tecnolog\u00edas Audiovisuales - C\u00e1mara Anecoica\" loading=\"lazy\" data-caption=\"\" data-thumb=\"\" title=\"Instituto de Tecnolog\u00edas Audiovisuales - C\u00e1mara Anecoica\" rel=\"\" srcset=\"https:\/\/itav.uclm.es\/itav\/wp-content\/uploads\/2015\/01\/camara12.jpg 500w, https:\/\/itav.uclm.es\/itav\/wp-content\/uploads\/2015\/01\/camara12-300x225.jpg 300w\" sizes=\"(max-width: 500px) 100vw, 500px\" \/><img width=\"500\" height=\"373\" src=\"https:\/\/itav.uclm.es\/itav\/wp-content\/uploads\/2015\/01\/estudioSonido32.jpg\" class=\"slider-357 slide-361\" alt=\"Instituto de Tecnolog\u00edas Audiovisuales - Estudio de Sonido 2\" loading=\"lazy\" data-caption=\"\" data-thumb=\"\" title=\"Instituto de Tecnolog\u00edas Audiovisuales - Estudio de Sonido 2\" rel=\"\" srcset=\"https:\/\/itav.uclm.es\/itav\/wp-content\/uploads\/2015\/01\/estudioSonido32.jpg 500w, https:\/\/itav.uclm.es\/itav\/wp-content\/uploads\/2015\/01\/estudioSonido32-300x224.jpg 300w\" sizes=\"(max-width: 500px) 100vw, 500px\" \/><img width=\"640\" height=\"481\" src=\"https:\/\/itav.uclm.es\/itav\/wp-content\/uploads\/2015\/01\/hardware2.png\" class=\"slider-357 slide-1253\" alt=\"Prototipado Hardware 3\" loading=\"lazy\" data-caption=\"Prototipado Hardware 3\" data-thumb=\"\" title=\"Prototipado Hardware\" rel=\"\" srcset=\"https:\/\/itav.uclm.es\/itav\/wp-content\/uploads\/2015\/01\/hardware2.png 640w, https:\/\/itav.uclm.es\/itav\/wp-content\/uploads\/2015\/01\/hardware2-300x225.png 300w\" sizes=\"(max-width: 640px) 100vw, 640px\" \/><img width=\"640\" height=\"444\" src=\"https:\/\/itav.uclm.es\/itav\/wp-content\/uploads\/2015\/01\/hardware1.png\" class=\"slider-357 slide-1254\" alt=\"Prototipado Hardware 4\" loading=\"lazy\" data-caption=\"Prototipado Hardware 4\" data-thumb=\"\" title=\"Prototipado Hardware\" rel=\"\" srcset=\"https:\/\/itav.uclm.es\/itav\/wp-content\/uploads\/2015\/01\/hardware1.png 640w, https:\/\/itav.uclm.es\/itav\/wp-content\/uploads\/2015\/01\/hardware1-300x208.png 300w\" sizes=\"(max-width: 640px) 100vw, 640px\" \/><img width=\"500\" height=\"373\" src=\"https:\/\/itav.uclm.es\/itav\/wp-content\/uploads\/2015\/01\/estudioSonido12.jpg\" class=\"slider-357 slide-360\" alt=\"Instituto de Tecnolog\u00edas Audiovisuales - Estudio de Sonido\" loading=\"lazy\" data-caption=\"\" data-thumb=\"\" title=\"Instituto de Tecnolog\u00edas Audiovisuales - Estudio de Sonido\" rel=\"\" srcset=\"https:\/\/itav.uclm.es\/itav\/wp-content\/uploads\/2015\/01\/estudioSonido12.jpg 500w, https:\/\/itav.uclm.es\/itav\/wp-content\/uploads\/2015\/01\/estudioSonido12-300x224.jpg 300w\" sizes=\"(max-width: 500px) 100vw, 500px\" \/><img width=\"640\" height=\"480\" src=\"https:\/\/itav.uclm.es\/itav\/wp-content\/uploads\/2015\/01\/hardware3.png\" class=\"slider-357 slide-1252\" alt=\"Prototipado Hardware 2\" loading=\"lazy\" data-caption=\"Prototipado Hardware 2\" data-thumb=\"\" title=\"Prototipado Hardware\" rel=\"\" srcset=\"https:\/\/itav.uclm.es\/itav\/wp-content\/uploads\/2015\/01\/hardware3.png 640w, https:\/\/itav.uclm.es\/itav\/wp-content\/uploads\/2015\/01\/hardware3-300x225.png 300w\" sizes=\"(max-width: 640px) 100vw, 640px\" \/><img width=\"500\" height=\"375\" src=\"https:\/\/itav.uclm.es\/itav\/wp-content\/uploads\/2015\/01\/camara22.jpg\" class=\"slider-357 slide-359\" alt=\"Instituto de Tecnolog\u00edas Audiovisuales - C\u00e1mara Anecoica 2\" loading=\"lazy\" data-caption=\"\" data-thumb=\"\" title=\"Instituto de Tecnolog\u00edas Audiovisuales - C\u00e1mara Anecoica 2\" rel=\"\" srcset=\"https:\/\/itav.uclm.es\/itav\/wp-content\/uploads\/2015\/01\/camara22.jpg 500w, https:\/\/itav.uclm.es\/itav\/wp-content\/uploads\/2015\/01\/camara22-300x225.jpg 300w\" sizes=\"(max-width: 500px) 100vw, 500px\" \/><img width=\"640\" height=\"480\" src=\"https:\/\/itav.uclm.es\/itav\/wp-content\/uploads\/2015\/01\/hardware4.png\" class=\"slider-357 slide-1251\" alt=\"Prototipado Hardware 1\" loading=\"lazy\" data-caption=\"Prototipado Hardware 1\" data-thumb=\"\" title=\"Prototipado Hardware\" rel=\"\" srcset=\"https:\/\/itav.uclm.es\/itav\/wp-content\/uploads\/2015\/01\/hardware4.png 640w, https:\/\/itav.uclm.es\/itav\/wp-content\/uploads\/2015\/01\/hardware4-300x225.png 300w\" sizes=\"(max-width: 640px) 100vw, 640px\" \/><img width=\"480\" height=\"640\" src=\"https:\/\/itav.uclm.es\/itav\/wp-content\/uploads\/2015\/01\/portatil2.jpg\" class=\"slider-357 slide-1255\" alt=\"Sistema de caracterizaci\u00f3n electromagn\u00e9tico para RFID 4\" loading=\"lazy\" data-caption=\"Sistema de caracterizaci&oacute;n electromagn&eacute;tico para RFID 4\" data-thumb=\"\" title=\"Sistema de caracterizaci\u00f3n electromagn\u00e9tico para RFID\" rel=\"\" srcset=\"https:\/\/itav.uclm.es\/itav\/wp-content\/uploads\/2015\/01\/portatil2.jpg 480w, https:\/\/itav.uclm.es\/itav\/wp-content\/uploads\/2015\/01\/portatil2-225x300.jpg 225w\" sizes=\"(max-width: 480px) 100vw, 480px\" \/><\/div><\/div>\n        \n    <\/div>\n<\/div><\/p>\n\n\n<p><\/p>\n","protected":false},"excerpt":{"rendered":"<p>El ITAV nace en el a\u00f1o 2000 como \u201cInstituto de estudios avanzados de la comunicaci\u00f3n audiovisual\u201d. En la actualidad lleva a cabo cursos y proyectos de I+D+i en el \u00e1mbito audiovisual, de la comunicaci\u00f3n, de la electr\u00f3nica y de las telecomunicaciones, a trav\u00e9s de convenios con instituciones y empresas, y de la concurrencia a proyectos [&hellip;]<div class=\"clearfix\"><\/div><br \/><a class=\"btn btn-sm btn-info\" title=\"Leer m&aacute;s sobre Inicio\" href=\"https:\/\/itav.uclm.es\/itav\/\">Continuar Leyendo<\/a><\/p>\n","protected":false},"author":2,"featured_media":0,"parent":0,"menu_order":0,"comment_status":"closed","ping_status":"closed","template":"","meta":[],"_links":{"self":[{"href":"https:\/\/itav.uclm.es\/itav\/index.php?rest_route=\/wp\/v2\/pages\/367"}],"collection":[{"href":"https:\/\/itav.uclm.es\/itav\/index.php?rest_route=\/wp\/v2\/pages"}],"about":[{"href":"https:\/\/itav.uclm.es\/itav\/index.php?rest_route=\/wp\/v2\/types\/page"}],"author":[{"embeddable":true,"href":"https:\/\/itav.uclm.es\/itav\/index.php?rest_route=\/wp\/v2\/users\/2"}],"replies":[{"embeddable":true,"href":"https:\/\/itav.uclm.es\/itav\/index.php?rest_route=%2Fwp%2Fv2%2Fcomments&post=367"}],"version-history":[{"count":26,"href":"https:\/\/itav.uclm.es\/itav\/index.php?rest_route=\/wp\/v2\/pages\/367\/revisions"}],"predecessor-version":[{"id":1248,"href":"https:\/\/itav.uclm.es\/itav\/index.php?rest_route=\/wp\/v2\/pages\/367\/revisions\/1248"}],"wp:attachment":[{"href":"https:\/\/itav.uclm.es\/itav\/index.php?rest_route=%2Fwp%2Fv2%2Fmedia&parent=367"}],"curies":[{"name":"wp","href":"https:\/\/api.w.org\/{rel}","templated":true}]}}