{"id":68,"date":"2015-01-12T11:03:28","date_gmt":"2015-01-12T11:03:28","guid":{"rendered":"http:\/\/161.67.146.35\/itav\/?page_id=68"},"modified":"2020-02-26T14:23:41","modified_gmt":"2020-02-26T13:23:41","slug":"informacion-de-contacto","status":"publish","type":"page","link":"https:\/\/itav.uclm.es\/itav\/?page_id=68","title":{"rendered":"Informaci\u00f3n de Contacto"},"content":{"rendered":"<table style=\"width: 1396px; height: 355px;\" border=\"0\" width=\"1396\" cellspacing=\"0\" cellpadding=\"0\">\n<tbody>\n<tr>\n<td align=\"center\" width=\"90%\">\n<h3 style=\"text-align: left;\">ITAV &#8211; Instituto de Tecnolog\u00edas Audiovisuales<\/h3>\n<p style=\"text-align: left;\">Campus Universitario S\/N. 16071 &#8211; Cuenca (Espa\u00f1a)<\/p>\n<p style=\"text-align: left;\">Director: Jos\u00e9 Manuel Pastor Garc\u00eda<br \/>\nTlf: (+34) 969 179 100 Ext: 4763, 14763<br \/>\nM\u00f3vil: 618 80 44 46<br \/>\nEmail: <a title=\"Correo Director\" href=\"mailto:JoseManuel.Pastor@uclm.es\">JoseManuel.Pastor@uclm.es<\/a><\/p>\n<p style=\"text-align: left;\">Subdirector: Arturo Mart\u00ednez Rodrigo<br \/>\nTlf: (+34) 969 179 100 Ext: 4822<br \/>\nEmail: <a title=\"Correo Subdirector\" href=\"mailto:JuanJose.deDios@uclm.es\">Arturo.Martinez@uclm.es <\/a><\/p>\n<p><iframe loading=\"lazy\" src=\"http:\/\/maps.google.es\/maps\/ms?ie=UTF8&amp;hl=es&amp;msa=0&amp;msid=106858766143132448675.000489a0f2ce9e556ee7e&amp;t=h&amp;ll=40.078999,-2.148187&amp;spn=0.001642,0.004179&amp;z=18&amp;output=embed\" width=\"780\" height=\"400\" frameborder=\"0\" marginwidth=\"0\" marginheight=\"0\" scrolling=\"no\"><\/iframe><\/p>\n<p>Ver <a href=\"http:\/\/maps.google.es\/maps\/ms?ie=UTF8&amp;hl=es&amp;msa=0&amp;msid=106858766143132448675.000489a0f2ce9e556ee7e&amp;t=h&amp;ll=40.078999,-2.148187&amp;spn=0.001642,0.004179&amp;z=18&amp;source=embed\">ITAV<\/a> en un mapa m\u00e1s grande<\/td>\n<td width=\"5%\"><\/td>\n<\/tr>\n<\/tbody>\n<\/table>\n","protected":false},"excerpt":{"rendered":"<p>ITAV &#8211; Instituto de Tecnolog\u00edas Audiovisuales Campus Universitario S\/N. 16071 &#8211; Cuenca (Espa\u00f1a) Director: Jos\u00e9 Manuel Pastor Garc\u00eda Tlf: (+34) 969 179 100 Ext: 4763, 14763 M\u00f3vil: 618 80 44 46 Email: JoseManuel.Pastor@uclm.es Subdirector: Arturo Mart\u00ednez Rodrigo Tlf: (+34) 969 179 100 Ext: 4822 Email: Arturo.Martinez@uclm.es Ver ITAV en un mapa m\u00e1s grande<\/p>\n","protected":false},"author":2,"featured_media":0,"parent":17,"menu_order":0,"comment_status":"closed","ping_status":"closed","template":"","meta":[],"_links":{"self":[{"href":"https:\/\/itav.uclm.es\/itav\/index.php?rest_route=\/wp\/v2\/pages\/68"}],"collection":[{"href":"https:\/\/itav.uclm.es\/itav\/index.php?rest_route=\/wp\/v2\/pages"}],"about":[{"href":"https:\/\/itav.uclm.es\/itav\/index.php?rest_route=\/wp\/v2\/types\/page"}],"author":[{"embeddable":true,"href":"https:\/\/itav.uclm.es\/itav\/index.php?rest_route=\/wp\/v2\/users\/2"}],"replies":[{"embeddable":true,"href":"https:\/\/itav.uclm.es\/itav\/index.php?rest_route=%2Fwp%2Fv2%2Fcomments&post=68"}],"version-history":[{"count":7,"href":"https:\/\/itav.uclm.es\/itav\/index.php?rest_route=\/wp\/v2\/pages\/68\/revisions"}],"predecessor-version":[{"id":1008,"href":"https:\/\/itav.uclm.es\/itav\/index.php?rest_route=\/wp\/v2\/pages\/68\/revisions\/1008"}],"up":[{"embeddable":true,"href":"https:\/\/itav.uclm.es\/itav\/index.php?rest_route=\/wp\/v2\/pages\/17"}],"wp:attachment":[{"href":"https:\/\/itav.uclm.es\/itav\/index.php?rest_route=%2Fwp%2Fv2%2Fmedia&parent=68"}],"curies":[{"name":"wp","href":"https:\/\/api.w.org\/{rel}","templated":true}]}}