{"id":7,"date":"2015-01-09T09:33:19","date_gmt":"2015-01-09T08:33:19","guid":{"rendered":"http:\/\/161.67.146.35\/itav\/?page_id=7"},"modified":"2021-10-25T12:17:25","modified_gmt":"2021-10-25T11:17:25","slug":"investigacion","status":"publish","type":"page","link":"https:\/\/itav.uclm.es\/itav\/?page_id=7","title":{"rendered":"Grupos de Investigaci\u00f3n"},"content":{"rendered":"<p>Grupos de Investigaci\u00f3n y oferta tecnol\u00f3gica de los distintos grupos pertenecientes al ITAV:<\/p>\n<ul>\n<li><a href=\"http:\/\/itav.uclm.es\/elbit\">Grupo de Investigaci\u00f3n en Ing. Electr\u00f3nica, Biom\u00e9dica y Telecomunicaciones (ELBIT)<\/a><\/li>\n<li><a href=\"https:\/\/blog.uclm.es\/mediacom\/\">Grupo de investigaci\u00f3n en Sociolog\u00eda de la Comunicaci\u00f3n (MEDIACOM)\u00a0<\/a><\/li>\n<li><a href=\"https:\/\/blog.uclm.es\/grupo-compublic\/\">Grupo de Investigaci\u00f3n Comunicaci\u00f3n P\u00fablica: poder, derecho y mensaje (COMPUBLIC)<\/a><\/li>\n<\/ul>\n\n\n<p><\/p>\n","protected":false},"excerpt":{"rendered":"<p>Grupos de Investigaci\u00f3n y oferta tecnol\u00f3gica de los distintos grupos pertenecientes al ITAV: Grupo de Investigaci\u00f3n en Ing. Electr\u00f3nica, Biom\u00e9dica y Telecomunicaciones (ELBIT) Grupo de investigaci\u00f3n en Sociolog\u00eda de la Comunicaci\u00f3n (MEDIACOM)\u00a0 Grupo de Investigaci\u00f3n Comunicaci\u00f3n P\u00fablica: poder, derecho y mensaje (COMPUBLIC)<\/p>\n","protected":false},"author":2,"featured_media":0,"parent":0,"menu_order":0,"comment_status":"closed","ping_status":"closed","template":"","meta":[],"_links":{"self":[{"href":"https:\/\/itav.uclm.es\/itav\/index.php?rest_route=\/wp\/v2\/pages\/7"}],"collection":[{"href":"https:\/\/itav.uclm.es\/itav\/index.php?rest_route=\/wp\/v2\/pages"}],"about":[{"href":"https:\/\/itav.uclm.es\/itav\/index.php?rest_route=\/wp\/v2\/types\/page"}],"author":[{"embeddable":true,"href":"https:\/\/itav.uclm.es\/itav\/index.php?rest_route=\/wp\/v2\/users\/2"}],"replies":[{"embeddable":true,"href":"https:\/\/itav.uclm.es\/itav\/index.php?rest_route=%2Fwp%2Fv2%2Fcomments&post=7"}],"version-history":[{"count":14,"href":"https:\/\/itav.uclm.es\/itav\/index.php?rest_route=\/wp\/v2\/pages\/7\/revisions"}],"predecessor-version":[{"id":1077,"href":"https:\/\/itav.uclm.es\/itav\/index.php?rest_route=\/wp\/v2\/pages\/7\/revisions\/1077"}],"wp:attachment":[{"href":"https:\/\/itav.uclm.es\/itav\/index.php?rest_route=%2Fwp%2Fv2%2Fmedia&parent=7"}],"curies":[{"name":"wp","href":"https:\/\/api.w.org\/{rel}","templated":true}]}}