{"id":9,"date":"2015-01-09T09:33:30","date_gmt":"2015-01-09T09:33:30","guid":{"rendered":"http:\/\/161.67.146.35\/itav\/?page_id=9"},"modified":"2015-01-18T20:10:42","modified_gmt":"2015-01-18T19:10:42","slug":"instalaciones","status":"publish","type":"page","link":"https:\/\/itav.uclm.es\/itav\/?page_id=9","title":{"rendered":"Instalaciones"},"content":{"rendered":"<p>El Instituto de Tecnolog\u00edas Audiovisuales, dispone de las siguientes instalaciones:<\/p>\n<ul>\n<li><a title=\"Estudio de Grabaci\u00f3n de Sonido\" href=\"http:\/\/161.67.146.35\/itav\/?page_id=25\">Estudio de Grabaci\u00f3n de Sonido<\/a>.<\/li>\n<li><a title=\"Estudio \/ Plat\u00f3 de televisi\u00f3n\" href=\"http:\/\/161.67.146.35\/itav\/?page_id=27\">Estudio\/Plat\u00f3 de Televisi\u00f3n<\/a>.<\/li>\n<li><a title=\"Sistemas de Desarrollo y Prototipado Hardware\" href=\"http:\/\/161.67.146.35\/itav\/?page_id=29\">Sistemas de Desarrollo y Prototipado Hardware<\/a>.<\/li>\n<li><a title=\"Sistema de Caracterizaci\u00f3n Electromagn\u00e9tico para RFID\" href=\"http:\/\/161.67.146.35\/itav\/?page_id=31\">Sistema de caracterizaci\u00f3n electromagn\u00e9tico para RFID<\/a>.<\/li>\n<li><a title=\"Laboratorio de Medidas Ac\u00fasticas y Radioel\u00e9ctricas\" href=\"http:\/\/161.67.146.35\/itav\/?page_id=33\">Laboratorio de Medidas Ac\u00fasticas y Radioel\u00e9ctricas<\/a>.<\/li>\n<\/ul>\n","protected":false},"excerpt":{"rendered":"<p>El Instituto de Tecnolog\u00edas Audiovisuales, dispone de las siguientes instalaciones: Estudio de Grabaci\u00f3n de Sonido. Estudio\/Plat\u00f3 de Televisi\u00f3n. Sistemas de Desarrollo y Prototipado Hardware. Sistema de caracterizaci\u00f3n electromagn\u00e9tico para RFID. Laboratorio de Medidas Ac\u00fasticas y Radioel\u00e9ctricas.<\/p>\n","protected":false},"author":2,"featured_media":0,"parent":0,"menu_order":0,"comment_status":"closed","ping_status":"closed","template":"","meta":[],"_links":{"self":[{"href":"https:\/\/itav.uclm.es\/itav\/index.php?rest_route=\/wp\/v2\/pages\/9"}],"collection":[{"href":"https:\/\/itav.uclm.es\/itav\/index.php?rest_route=\/wp\/v2\/pages"}],"about":[{"href":"https:\/\/itav.uclm.es\/itav\/index.php?rest_route=\/wp\/v2\/types\/page"}],"author":[{"embeddable":true,"href":"https:\/\/itav.uclm.es\/itav\/index.php?rest_route=\/wp\/v2\/users\/2"}],"replies":[{"embeddable":true,"href":"https:\/\/itav.uclm.es\/itav\/index.php?rest_route=%2Fwp%2Fv2%2Fcomments&post=9"}],"version-history":[{"count":5,"href":"https:\/\/itav.uclm.es\/itav\/index.php?rest_route=\/wp\/v2\/pages\/9\/revisions"}],"predecessor-version":[{"id":210,"href":"https:\/\/itav.uclm.es\/itav\/index.php?rest_route=\/wp\/v2\/pages\/9\/revisions\/210"}],"wp:attachment":[{"href":"https:\/\/itav.uclm.es\/itav\/index.php?rest_route=%2Fwp%2Fv2%2Fmedia&parent=9"}],"curies":[{"name":"wp","href":"https:\/\/api.w.org\/{rel}","templated":true}]}}